{"id":42,"date":"2023-08-08T16:56:50","date_gmt":"2023-08-08T16:56:50","guid":{"rendered":"https:\/\/defiscalisant.com\/?page_id=42"},"modified":"2023-09-05T16:06:34","modified_gmt":"2023-09-05T16:06:34","slug":"konfidenczialnost","status":"publish","type":"page","link":"https:\/\/light-conference.com\/sk\/doveryhodnost\/","title":{"rendered":"Ochrana osobn\u00fdch \u00fadajov"},"content":{"rendered":"<h2>Z\u00e1sady ochrany osobn\u00fdch \u00fadajov pre light-conference.com<\/h2>\n<p>Posledn\u00e1 aktualiz\u00e1cia: [Vlo\u017ete d\u00e1tum]<\/p>\n<p>Vitajte na str\u00e1nke light-conference.com. Va\u0161e s\u00fakromie je pre n\u00e1s prvorad\u00e9. Tieto Z\u00e1sady ochrany osobn\u00fdch \u00fadajov vysvet\u013euj\u00fa typy osobn\u00fdch \u00fadajov, ktor\u00e9 zhroma\u017e\u010fujeme a ako tieto \u00fadaje vyu\u017e\u00edvame, zdie\u013eame, udr\u017eiavame a chr\u00e1nime.<\/p>\n<h3>1. Inform\u00e1cie, ktor\u00e9 zhroma\u017e\u010fujeme<\/h3>\n<h4>1.1 Priamo poskytnut\u00e9 inform\u00e1cie<\/h4>\n<p>Ke\u010f sa prihl\u00e1site na na\u0161e konferencie, vy\u017eiadate si inform\u00e1cie alebo interagujete s na\u0161imi slu\u017ebami, m\u00f4\u017eete n\u00e1m poskytn\u00fa\u0165 osobn\u00e9 inform\u00e1cie, ako je va\u0161e meno, e-mailov\u00e1 adresa a \u010fal\u0161ie podrobnosti.<\/p>\n<h4>1.2 Automatizovan\u00fd zber \u00fadajov<\/h4>\n<p>Ke\u010f sa pohybujete na na\u0161ej webovej str\u00e1nke, m\u00f4\u017eeme zhroma\u017e\u010fova\u0165 technick\u00e9 \u00fadaje, ako s\u00fa IP adresy, typ prehliada\u010da, opera\u010dn\u00fd syst\u00e9m a \u010fal\u0161ie s\u00favisiace podrobnosti.<\/p>\n<h3>2. Ako pou\u017e\u00edvame va\u0161e inform\u00e1cie<\/h3>\n<p>Va\u0161e \u00fadaje vyu\u017e\u00edvame na:<\/p>\n<ul>\n<li>U\u013eah\u010dite svoju \u00fa\u010das\u0165 na na\u0161ich konferenci\u00e1ch.<\/li>\n<li>Posielajte v\u00e1m aktualiz\u00e1cie, pl\u00e1ny a propaga\u010dn\u00e9 materi\u00e1ly t\u00fdkaj\u00face sa na\u0161ich podujat\u00ed.<\/li>\n<li>Odpovedzte na va\u0161e ot\u00e1zky alebo sp\u00e4tn\u00fa v\u00e4zbu.<\/li>\n<li>Vylep\u0161ite funk\u010dnos\u0165 a pou\u017e\u00edvate\u013esk\u00fa sk\u00fasenos\u0165 na\u0161ej str\u00e1nky.<\/li>\n<\/ul>\n<h3>3. Zdie\u013eanie va\u0161ich inform\u00e1ci\u00ed<\/h3>\n<p>Va\u0161e osobn\u00e9 \u00fadaje nepred\u00e1vame ani neprenaj\u00edmame tret\u00edm stran\u00e1m. Va\u0161e inform\u00e1cie v\u0161ak m\u00f4\u017eeme zdie\u013ea\u0165 s:<\/p>\n<ul>\n<li>Poskytovatelia slu\u017eieb alebo partneri, ktor\u00ed pom\u00e1haj\u00fa pri organizovan\u00ed na\u0161ich konferenci\u00ed.<\/li>\n<li>Subjekty, ak s\u00fa na to pr\u00e1vne poveren\u00e9 alebo na dodr\u017eanie pr\u00e1vnych procesov.<\/li>\n<\/ul>\n<h3>4. S\u00fabory cookie a sledovanie<\/h3>\n<p>Na poskytovanie prisp\u00f4soben\u00e9ho z\u00e1\u017eitku z prehliadania m\u00f4\u017eeme pou\u017e\u00edva\u0165 s\u00fabory cookie a podobn\u00e9 technol\u00f3gie. Pom\u00e1haj\u00fa n\u00e1m rozpozna\u0165 v\u00e1s, monitorova\u0165 pou\u017e\u00edvanie str\u00e1nok a prisp\u00f4sobi\u0165 obsah \u0161pecifick\u00fd pre va\u0161e z\u00e1ujmy.<\/p>\n<h3>5. Bezpe\u010dnos\u0165 \u00fadajov<\/h3>\n<p>Zaviazali sme sa zabezpe\u010di\u0165 va\u0161e \u00fadaje a implementova\u0165 opatrenia na ochranu pred neopr\u00e1vnen\u00fdm pr\u00edstupom, zmenou alebo vymazan\u00edm.<\/p>\n<h3>6. S\u00fakromie det\u00ed<\/h3>\n<p>Na\u0161a webov\u00e1 str\u00e1nka a konferencie nie s\u00fa zameran\u00e9 na deti mlad\u0161ie ako 13 rokov. Z\u00e1merne nezhroma\u017e\u010fujeme osobn\u00e9 inform\u00e1cie od det\u00ed mlad\u0161\u00edch ako 13 rokov.<\/p>\n<h3>7. Odkazy tret\u00edch str\u00e1n<\/h3>\n<p>Na\u0161a platforma m\u00f4\u017ee obsahova\u0165 odkazy na extern\u00e9 webov\u00e9 str\u00e1nky. Nezodpoved\u00e1me za postupy ochrany osobn\u00fdch \u00fadajov alebo obsah t\u00fdchto str\u00e1nok tret\u00edch str\u00e1n.<\/p>\n<h3>8. Aktualiz\u00e1cie z\u00e1sad ochrany osobn\u00fdch \u00fadajov<\/h3>\n<p>Z \u010dasu na \u010das m\u00f4\u017eeme tieto Z\u00e1sady ochrany osobn\u00fdch \u00fadajov upravi\u0165. Ak d\u00f4jde k v\u00fdznamn\u00fdm zmen\u00e1m, upozorn\u00edme na\u0161ich pou\u017e\u00edvate\u013eov prostredn\u00edctvom webovej str\u00e1nky alebo in\u00fdmi sp\u00f4sobmi komunik\u00e1cie.<\/p>\n<h3>9. Kontaktujte n\u00e1s<\/h3>\n<p>Ak m\u00e1te ot\u00e1zky alebo obavy t\u00fdkaj\u00face sa t\u00fdchto Z\u00e1sad ochrany osobn\u00fdch \u00fadajov, kontaktujte n\u00e1s na adrese: [Vlo\u017ete kontaktn\u00e9 inform\u00e1cie].<\/p>","protected":false},"excerpt":{"rendered":"<p>Privacy Policy for light-conference.com Last Updated: [Insert Date] Welcome to light-conference.com. Your privacy is paramount to us. This Privacy Policy explains the types of personal information we collect and how we utilize, share, maintain, and protect that data. 1. Information We Collect 1.1 Directly Provided Information When you sign up for our conferences, request information, [&hellip;]<\/p>","protected":false},"author":1,"featured_media":0,"parent":0,"menu_order":0,"comment_status":"closed","ping_status":"closed","template":"","meta":{"footnotes":""},"class_list":["post-42","page","type-page","status-publish","hentry"],"yoast_head":"<!-- This site is optimized with the Yoast SEO plugin v20.13 - https:\/\/yoast.com\/wordpress\/plugins\/seo\/ -->\n<title>Privacy -<\/title>\n<meta name=\"robots\" content=\"index, follow, max-snippet:-1, max-image-preview:large, max-video-preview:-1\" \/>\n<link rel=\"canonical\" href=\"https:\/\/light-conference.com\/sk\/doveryhodnost\/\" \/>\n<meta property=\"og:locale\" content=\"sk_SK\" \/>\n<meta property=\"og:type\" content=\"article\" \/>\n<meta property=\"og:title\" content=\"Privacy -\" \/>\n<meta property=\"og:description\" content=\"Privacy Policy for light-conference.com Last Updated: [Insert Date] Welcome to light-conference.com. Your privacy is paramount to us. This Privacy Policy explains the types of personal information we collect and how we utilize, share, maintain, and protect that data. 1. Information We Collect 1.1 Directly Provided Information When you sign up for our conferences, request information, [&hellip;]\" \/>\n<meta property=\"og:url\" content=\"https:\/\/light-conference.com\/sk\/doveryhodnost\/\" \/>\n<meta property=\"article:modified_time\" content=\"2023-09-05T16:06:34+00:00\" \/>\n<meta name=\"twitter:card\" content=\"summary_large_image\" \/>\n<script type=\"application\/ld+json\" class=\"yoast-schema-graph\">{\"@context\":\"https:\/\/schema.org\",\"@graph\":[{\"@type\":\"WebPage\",\"@id\":\"https:\/\/light-conference.com\/konfidenczialnost\/\",\"url\":\"https:\/\/light-conference.com\/konfidenczialnost\/\",\"name\":\"Privacy -\",\"isPartOf\":{\"@id\":\"https:\/\/light-conference.com\/#website\"},\"datePublished\":\"2023-08-08T16:56:50+00:00\",\"dateModified\":\"2023-09-05T16:06:34+00:00\",\"breadcrumb\":{\"@id\":\"https:\/\/light-conference.com\/konfidenczialnost\/#breadcrumb\"},\"inLanguage\":\"sk-SK\",\"potentialAction\":[{\"@type\":\"ReadAction\",\"target\":[\"https:\/\/light-conference.com\/konfidenczialnost\/\"]}]},{\"@type\":\"BreadcrumbList\",\"@id\":\"https:\/\/light-conference.com\/konfidenczialnost\/#breadcrumb\",\"itemListElement\":[{\"@type\":\"ListItem\",\"position\":1,\"name\":\"\u0413\u043b\u0430\u0432\u043d\u0430\u044f \u0441\u0442\u0440\u0430\u043d\u0438\u0446\u0430\",\"item\":\"https:\/\/light-conference.com\/\"},{\"@type\":\"ListItem\",\"position\":2,\"name\":\"Privacy\"}]},{\"@type\":\"WebSite\",\"@id\":\"https:\/\/light-conference.com\/#website\",\"url\":\"https:\/\/light-conference.com\/\",\"name\":\"\",\"description\":\"Blog for adults about online dating for sex: streaming sites and obscene broadcasts 18+\",\"potentialAction\":[{\"@type\":\"SearchAction\",\"target\":{\"@type\":\"EntryPoint\",\"urlTemplate\":\"https:\/\/light-conference.com\/?s={search_term_string}\"},\"query-input\":\"required name=search_term_string\"}],\"inLanguage\":\"sk-SK\"}]}<\/script>\n<!-- \/ Yoast SEO plugin. -->","yoast_head_json":{"title":"Privacy -","robots":{"index":"index","follow":"follow","max-snippet":"max-snippet:-1","max-image-preview":"max-image-preview:large","max-video-preview":"max-video-preview:-1"},"canonical":"https:\/\/light-conference.com\/sk\/doveryhodnost\/","og_locale":"sk_SK","og_type":"article","og_title":"Privacy -","og_description":"Privacy Policy for light-conference.com Last Updated: [Insert Date] Welcome to light-conference.com. Your privacy is paramount to us. This Privacy Policy explains the types of personal information we collect and how we utilize, share, maintain, and protect that data. 1. Information We Collect 1.1 Directly Provided Information When you sign up for our conferences, request information, [&hellip;]","og_url":"https:\/\/light-conference.com\/sk\/doveryhodnost\/","article_modified_time":"2023-09-05T16:06:34+00:00","twitter_card":"summary_large_image","schema":{"@context":"https:\/\/schema.org","@graph":[{"@type":"WebPage","@id":"https:\/\/light-conference.com\/konfidenczialnost\/","url":"https:\/\/light-conference.com\/konfidenczialnost\/","name":"Privacy -","isPartOf":{"@id":"https:\/\/light-conference.com\/#website"},"datePublished":"2023-08-08T16:56:50+00:00","dateModified":"2023-09-05T16:06:34+00:00","breadcrumb":{"@id":"https:\/\/light-conference.com\/konfidenczialnost\/#breadcrumb"},"inLanguage":"sk-SK","potentialAction":[{"@type":"ReadAction","target":["https:\/\/light-conference.com\/konfidenczialnost\/"]}]},{"@type":"BreadcrumbList","@id":"https:\/\/light-conference.com\/konfidenczialnost\/#breadcrumb","itemListElement":[{"@type":"ListItem","position":1,"name":"\u0413\u043b\u0430\u0432\u043d\u0430\u044f \u0441\u0442\u0440\u0430\u043d\u0438\u0446\u0430","item":"https:\/\/light-conference.com\/"},{"@type":"ListItem","position":2,"name":"Privacy"}]},{"@type":"WebSite","@id":"https:\/\/light-conference.com\/#website","url":"https:\/\/light-conference.com\/","name":"","description":"Blog for adults about online dating for sex: streaming sites and obscene broadcasts 18+","potentialAction":[{"@type":"SearchAction","target":{"@type":"EntryPoint","urlTemplate":"https:\/\/light-conference.com\/?s={search_term_string}"},"query-input":"required name=search_term_string"}],"inLanguage":"sk-SK"}]}},"_links":{"self":[{"href":"https:\/\/light-conference.com\/sk\/wp-json\/wp\/v2\/pages\/42","targetHints":{"allow":["GET"]}}],"collection":[{"href":"https:\/\/light-conference.com\/sk\/wp-json\/wp\/v2\/pages"}],"about":[{"href":"https:\/\/light-conference.com\/sk\/wp-json\/wp\/v2\/types\/page"}],"author":[{"embeddable":true,"href":"https:\/\/light-conference.com\/sk\/wp-json\/wp\/v2\/users\/1"}],"replies":[{"embeddable":true,"href":"https:\/\/light-conference.com\/sk\/wp-json\/wp\/v2\/comments?post=42"}],"version-history":[{"count":2,"href":"https:\/\/light-conference.com\/sk\/wp-json\/wp\/v2\/pages\/42\/revisions"}],"predecessor-version":[{"id":189,"href":"https:\/\/light-conference.com\/sk\/wp-json\/wp\/v2\/pages\/42\/revisions\/189"}],"wp:attachment":[{"href":"https:\/\/light-conference.com\/sk\/wp-json\/wp\/v2\/media?parent=42"}],"curies":[{"name":"wp","href":"https:\/\/api.w.org\/{rel}","templated":true}]}}