{"id":42,"date":"2023-08-08T16:56:50","date_gmt":"2023-08-08T16:56:50","guid":{"rendered":"https:\/\/defiscalisant.com\/?page_id=42"},"modified":"2023-09-05T16:06:34","modified_gmt":"2023-09-05T16:06:34","slug":"konfidenczialnost","status":"publish","type":"page","link":"https:\/\/light-conference.com\/vi\/konfidenczialnost\/","title":{"rendered":"S\u1ef1 ri\u00eang t\u01b0"},"content":{"rendered":"<h2>Ch\u00ednh s\u00e1ch quy\u1ec1n ri\u00eang t\u01b0 c\u1ee7a light-conference.com<\/h2>\n<p>C\u1eadp nh\u1eadt l\u1ea7n cu\u1ed1i: [Ch\u00e8n ng\u00e0y]<\/p>\n<p>Ch\u00e0o m\u1eebng \u0111\u1ebfn v\u1edbi light-conference.com. S\u1ef1 ri\u00eang t\u01b0 c\u1ee7a b\u1ea1n l\u00e0 t\u1ed1i quan tr\u1ecdng \u0111\u1ed1i v\u1edbi ch\u00fang t\u00f4i. Ch\u00ednh s\u00e1ch quy\u1ec1n ri\u00eang t\u01b0 n\u00e0y gi\u1ea3i th\u00edch c\u00e1c lo\u1ea1i th\u00f4ng tin c\u00e1 nh\u00e2n ch\u00fang t\u00f4i thu th\u1eadp v\u00e0 c\u00e1ch ch\u00fang t\u00f4i s\u1eed d\u1ee5ng, chia s\u1ebb, duy tr\u00ec v\u00e0 b\u1ea3o v\u1ec7 d\u1eef li\u1ec7u \u0111\u00f3.<\/p>\n<h3>1. Th\u00f4ng tin ch\u00fang t\u00f4i thu th\u1eadp<\/h3>\n<h4>1.1 Th\u00f4ng tin \u0111\u01b0\u1ee3c cung c\u1ea5p tr\u1ef1c ti\u1ebfp<\/h4>\n<p>Khi b\u1ea1n \u0111\u0103ng k\u00fd tham gia h\u1ed9i ngh\u1ecb, y\u00eau c\u1ea7u th\u00f4ng tin ho\u1eb7c t\u01b0\u01a1ng t\u00e1c v\u1edbi c\u00e1c d\u1ecbch v\u1ee5 c\u1ee7a ch\u00fang t\u00f4i, b\u1ea1n c\u00f3 th\u1ec3 cung c\u1ea5p cho ch\u00fang t\u00f4i th\u00f4ng tin c\u00e1 nh\u00e2n nh\u01b0 t\u00ean, \u0111\u1ecba ch\u1ec9 email v\u00e0 c\u00e1c chi ti\u1ebft kh\u00e1c.<\/p>\n<h4>1.2 Thu th\u1eadp d\u1eef li\u1ec7u t\u1ef1 \u0111\u1ed9ng<\/h4>\n<p>Khi b\u1ea1n \u0111i\u1ec1u h\u01b0\u1edbng trang web c\u1ee7a ch\u00fang t\u00f4i, ch\u00fang t\u00f4i c\u00f3 th\u1ec3 thu th\u1eadp d\u1eef li\u1ec7u k\u1ef9 thu\u1eadt nh\u01b0 \u0111\u1ecba ch\u1ec9 IP, lo\u1ea1i tr\u00ecnh duy\u1ec7t, h\u1ec7 \u0111i\u1ec1u h\u00e0nh v\u00e0 c\u00e1c chi ti\u1ebft li\u00ean quan kh\u00e1c.<\/p>\n<h3>2. C\u00e1ch ch\u00fang t\u00f4i s\u1eed d\u1ee5ng th\u00f4ng tin c\u1ee7a b\u1ea1n<\/h3>\n<p>Ch\u00fang t\u00f4i s\u1eed d\u1ee5ng d\u1eef li\u1ec7u c\u1ee7a b\u1ea1n \u0111\u1ec3:<\/p>\n<ul>\n<li>T\u1ea1o \u0111i\u1ec1u ki\u1ec7n cho b\u1ea1n tham gia v\u00e0o c\u00e1c h\u1ed9i ngh\u1ecb c\u1ee7a ch\u00fang t\u00f4i.<\/li>\n<li>G\u1eedi cho b\u1ea1n th\u00f4ng tin c\u1eadp nh\u1eadt, l\u1ecbch tr\u00ecnh v\u00e0 t\u00e0i li\u1ec7u qu\u1ea3ng c\u00e1o li\u00ean quan \u0111\u1ebfn c\u00e1c s\u1ef1 ki\u1ec7n c\u1ee7a ch\u00fang t\u00f4i.<\/li>\n<li>Tr\u1ea3 l\u1eddi c\u00e1c c\u00e2u h\u1ecfi ho\u1eb7c ph\u1ea3n h\u1ed3i c\u1ee7a b\u1ea1n.<\/li>\n<li>N\u00e2ng cao ch\u1ee9c n\u0103ng v\u00e0 tr\u1ea3i nghi\u1ec7m ng\u01b0\u1eddi d\u00f9ng c\u1ee7a trang web c\u1ee7a ch\u00fang t\u00f4i.<\/li>\n<\/ul>\n<h3>3. Chia s\u1ebb th\u00f4ng tin c\u1ee7a b\u1ea1n<\/h3>\n<p>Ch\u00fang t\u00f4i kh\u00f4ng b\u00e1n ho\u1eb7c cho thu\u00ea d\u1eef li\u1ec7u c\u00e1 nh\u00e2n c\u1ee7a b\u1ea1n cho b\u00ean th\u1ee9 ba. Tuy nhi\u00ean, ch\u00fang t\u00f4i c\u00f3 th\u1ec3 chia s\u1ebb th\u00f4ng tin c\u1ee7a b\u1ea1n v\u1edbi:<\/p>\n<ul>\n<li>C\u00e1c nh\u00e0 cung c\u1ea5p d\u1ecbch v\u1ee5 ho\u1eb7c \u0111\u1ed1i t\u00e1c h\u1ed7 tr\u1ee3 t\u1ed5 ch\u1ee9c c\u00e1c h\u1ed9i ngh\u1ecb c\u1ee7a ch\u00fang t\u00f4i.<\/li>\n<li>C\u00e1c th\u1ef1c th\u1ec3 khi \u0111\u01b0\u1ee3c \u1ee7y quy\u1ec1n v\u1ec1 m\u1eb7t ph\u00e1p l\u00fd ho\u1eb7c \u0111\u1ec3 tu\u00e2n th\u1ee7 c\u00e1c quy tr\u00ecnh ph\u00e1p l\u00fd.<\/li>\n<\/ul>\n<h3>4. Cookie v\u00e0 theo d\u00f5i<\/h3>\n<p>\u0110\u1ec3 cung c\u1ea5p tr\u1ea3i nghi\u1ec7m duy\u1ec7t web \u0111\u01b0\u1ee3c c\u00e1 nh\u00e2n h\u00f3a, ch\u00fang t\u00f4i c\u00f3 th\u1ec3 s\u1eed d\u1ee5ng cookie v\u00e0 c\u00e1c c\u00f4ng ngh\u1ec7 t\u01b0\u01a1ng t\u1ef1. Nh\u1eefng \u0111i\u1ec1u n\u00e0y gi\u00fap ch\u00fang t\u00f4i nh\u1eadn ra b\u1ea1n, gi\u00e1m s\u00e1t vi\u1ec7c s\u1eed d\u1ee5ng trang web v\u00e0 \u0111i\u1ec1u ch\u1ec9nh n\u1ed9i dung c\u1ee5 th\u1ec3 theo s\u1edf th\u00edch c\u1ee7a b\u1ea1n.<\/p>\n<h3>5. B\u1ea3o m\u1eadt d\u1eef li\u1ec7u<\/h3>\n<p>Ch\u00fang t\u00f4i cam k\u1ebft b\u1ea3o m\u1eadt d\u1eef li\u1ec7u c\u1ee7a b\u1ea1n v\u00e0 th\u1ef1c hi\u1ec7n c\u00e1c bi\u1ec7n ph\u00e1p b\u1ea3o v\u1ec7 ch\u1ed1ng truy c\u1eadp, thay \u0111\u1ed5i ho\u1eb7c x\u00f3a tr\u00e1i ph\u00e9p.<\/p>\n<h3>6. Quy\u1ec1n ri\u00eang t\u01b0 c\u1ee7a tr\u1ebb em<\/h3>\n<p>Trang web v\u00e0 h\u1ed9i ngh\u1ecb c\u1ee7a ch\u00fang t\u00f4i kh\u00f4ng h\u01b0\u1edbng t\u1edbi tr\u1ebb em d\u01b0\u1edbi 13 tu\u1ed5i. Ch\u00fang t\u00f4i kh\u00f4ng c\u1ed1 \u00fd thu th\u1eadp th\u00f4ng tin c\u00e1 nh\u00e2n t\u1eeb tr\u1ebb em d\u01b0\u1edbi 13 tu\u1ed5i.<\/p>\n<h3>7. Li\u00ean k\u1ebft c\u1ee7a b\u00ean th\u1ee9 ba<\/h3>\n<p>N\u1ec1n t\u1ea3ng c\u1ee7a ch\u00fang t\u00f4i c\u00f3 th\u1ec3 c\u00f3 li\u00ean k\u1ebft \u0111\u1ebfn c\u00e1c trang web b\u00ean ngo\u00e0i. Ch\u00fang t\u00f4i kh\u00f4ng ch\u1ecbu tr\u00e1ch nhi\u1ec7m v\u1ec1 c\u00e1c bi\u1ec7n ph\u00e1p b\u1ea3o m\u1eadt ho\u1eb7c n\u1ed9i dung c\u1ee7a c\u00e1c trang web b\u00ean th\u1ee9 ba n\u00e0y.<\/p>\n<h3>8. C\u1eadp nh\u1eadt ch\u00ednh s\u00e1ch quy\u1ec1n ri\u00eang t\u01b0<\/h3>\n<p>\u0110\u00f4i khi, ch\u00fang t\u00f4i c\u00f3 th\u1ec3 tinh ch\u1ec9nh Ch\u00ednh s\u00e1ch quy\u1ec1n ri\u00eang t\u01b0 n\u00e0y. N\u1ebfu c\u00f3 nh\u1eefng thay \u0111\u1ed5i \u0111\u00e1ng k\u1ec3 x\u1ea3y ra, ch\u00fang t\u00f4i s\u1ebd th\u00f4ng b\u00e1o cho ng\u01b0\u1eddi d\u00f9ng th\u00f4ng qua trang web ho\u1eb7c c\u00e1c ph\u01b0\u01a1ng th\u1ee9c li\u00ean l\u1ea1c kh\u00e1c.<\/p>\n<h3>9. Li\u00ean h\u1ec7 v\u1edbi ch\u00fang t\u00f4i<\/h3>\n<p>N\u1ebfu b\u1ea1n c\u00f3 c\u00e2u h\u1ecfi ho\u1eb7c th\u1eafc m\u1eafc v\u1ec1 Ch\u00ednh s\u00e1ch quy\u1ec1n ri\u00eang t\u01b0 n\u00e0y, h\u00e3y li\u00ean h\u1ec7 v\u1edbi ch\u00fang t\u00f4i t\u1ea1i: [Ch\u00e8n th\u00f4ng tin li\u00ean h\u1ec7].<\/p>","protected":false},"excerpt":{"rendered":"<p>Privacy Policy for light-conference.com Last Updated: [Insert Date] Welcome to light-conference.com. Your privacy is paramount to us. This Privacy Policy explains the types of personal information we collect and how we utilize, share, maintain, and protect that data. 1. Information We Collect 1.1 Directly Provided Information When you sign up for our conferences, request information, [&hellip;]<\/p>","protected":false},"author":1,"featured_media":0,"parent":0,"menu_order":0,"comment_status":"closed","ping_status":"closed","template":"","meta":{"footnotes":""},"class_list":["post-42","page","type-page","status-publish","hentry"],"yoast_head":"<!-- This site is optimized with the Yoast SEO plugin v20.13 - https:\/\/yoast.com\/wordpress\/plugins\/seo\/ -->\n<title>Privacy -<\/title>\n<meta name=\"robots\" content=\"index, follow, max-snippet:-1, max-image-preview:large, max-video-preview:-1\" \/>\n<link rel=\"canonical\" href=\"https:\/\/light-conference.com\/vi\/konfidenczialnost\/\" \/>\n<meta property=\"og:locale\" content=\"vi_VN\" \/>\n<meta property=\"og:type\" content=\"article\" \/>\n<meta property=\"og:title\" content=\"Privacy -\" \/>\n<meta property=\"og:description\" content=\"Privacy Policy for light-conference.com Last Updated: [Insert Date] Welcome to light-conference.com. Your privacy is paramount to us. This Privacy Policy explains the types of personal information we collect and how we utilize, share, maintain, and protect that data. 1. Information We Collect 1.1 Directly Provided Information When you sign up for our conferences, request information, [&hellip;]\" \/>\n<meta property=\"og:url\" content=\"https:\/\/light-conference.com\/vi\/konfidenczialnost\/\" \/>\n<meta property=\"article:modified_time\" content=\"2023-09-05T16:06:34+00:00\" \/>\n<meta name=\"twitter:card\" content=\"summary_large_image\" \/>\n<script type=\"application\/ld+json\" class=\"yoast-schema-graph\">{\"@context\":\"https:\/\/schema.org\",\"@graph\":[{\"@type\":\"WebPage\",\"@id\":\"https:\/\/light-conference.com\/konfidenczialnost\/\",\"url\":\"https:\/\/light-conference.com\/konfidenczialnost\/\",\"name\":\"Privacy -\",\"isPartOf\":{\"@id\":\"https:\/\/light-conference.com\/#website\"},\"datePublished\":\"2023-08-08T16:56:50+00:00\",\"dateModified\":\"2023-09-05T16:06:34+00:00\",\"breadcrumb\":{\"@id\":\"https:\/\/light-conference.com\/konfidenczialnost\/#breadcrumb\"},\"inLanguage\":\"vi\",\"potentialAction\":[{\"@type\":\"ReadAction\",\"target\":[\"https:\/\/light-conference.com\/konfidenczialnost\/\"]}]},{\"@type\":\"BreadcrumbList\",\"@id\":\"https:\/\/light-conference.com\/konfidenczialnost\/#breadcrumb\",\"itemListElement\":[{\"@type\":\"ListItem\",\"position\":1,\"name\":\"\u0413\u043b\u0430\u0432\u043d\u0430\u044f \u0441\u0442\u0440\u0430\u043d\u0438\u0446\u0430\",\"item\":\"https:\/\/light-conference.com\/\"},{\"@type\":\"ListItem\",\"position\":2,\"name\":\"Privacy\"}]},{\"@type\":\"WebSite\",\"@id\":\"https:\/\/light-conference.com\/#website\",\"url\":\"https:\/\/light-conference.com\/\",\"name\":\"\",\"description\":\"Blog for adults about online dating for sex: streaming sites and obscene broadcasts 18+\",\"potentialAction\":[{\"@type\":\"SearchAction\",\"target\":{\"@type\":\"EntryPoint\",\"urlTemplate\":\"https:\/\/light-conference.com\/?s={search_term_string}\"},\"query-input\":\"required name=search_term_string\"}],\"inLanguage\":\"vi\"}]}<\/script>\n<!-- \/ Yoast SEO plugin. -->","yoast_head_json":{"title":"Privacy -","robots":{"index":"index","follow":"follow","max-snippet":"max-snippet:-1","max-image-preview":"max-image-preview:large","max-video-preview":"max-video-preview:-1"},"canonical":"https:\/\/light-conference.com\/vi\/konfidenczialnost\/","og_locale":"vi_VN","og_type":"article","og_title":"Privacy -","og_description":"Privacy Policy for light-conference.com Last Updated: [Insert Date] Welcome to light-conference.com. Your privacy is paramount to us. This Privacy Policy explains the types of personal information we collect and how we utilize, share, maintain, and protect that data. 1. Information We Collect 1.1 Directly Provided Information When you sign up for our conferences, request information, [&hellip;]","og_url":"https:\/\/light-conference.com\/vi\/konfidenczialnost\/","article_modified_time":"2023-09-05T16:06:34+00:00","twitter_card":"summary_large_image","schema":{"@context":"https:\/\/schema.org","@graph":[{"@type":"WebPage","@id":"https:\/\/light-conference.com\/konfidenczialnost\/","url":"https:\/\/light-conference.com\/konfidenczialnost\/","name":"Privacy -","isPartOf":{"@id":"https:\/\/light-conference.com\/#website"},"datePublished":"2023-08-08T16:56:50+00:00","dateModified":"2023-09-05T16:06:34+00:00","breadcrumb":{"@id":"https:\/\/light-conference.com\/konfidenczialnost\/#breadcrumb"},"inLanguage":"vi","potentialAction":[{"@type":"ReadAction","target":["https:\/\/light-conference.com\/konfidenczialnost\/"]}]},{"@type":"BreadcrumbList","@id":"https:\/\/light-conference.com\/konfidenczialnost\/#breadcrumb","itemListElement":[{"@type":"ListItem","position":1,"name":"\u0413\u043b\u0430\u0432\u043d\u0430\u044f \u0441\u0442\u0440\u0430\u043d\u0438\u0446\u0430","item":"https:\/\/light-conference.com\/"},{"@type":"ListItem","position":2,"name":"Privacy"}]},{"@type":"WebSite","@id":"https:\/\/light-conference.com\/#website","url":"https:\/\/light-conference.com\/","name":"","description":"Blog for adults about online dating for sex: streaming sites and obscene broadcasts 18+","potentialAction":[{"@type":"SearchAction","target":{"@type":"EntryPoint","urlTemplate":"https:\/\/light-conference.com\/?s={search_term_string}"},"query-input":"required name=search_term_string"}],"inLanguage":"vi"}]}},"_links":{"self":[{"href":"https:\/\/light-conference.com\/vi\/wp-json\/wp\/v2\/pages\/42","targetHints":{"allow":["GET"]}}],"collection":[{"href":"https:\/\/light-conference.com\/vi\/wp-json\/wp\/v2\/pages"}],"about":[{"href":"https:\/\/light-conference.com\/vi\/wp-json\/wp\/v2\/types\/page"}],"author":[{"embeddable":true,"href":"https:\/\/light-conference.com\/vi\/wp-json\/wp\/v2\/users\/1"}],"replies":[{"embeddable":true,"href":"https:\/\/light-conference.com\/vi\/wp-json\/wp\/v2\/comments?post=42"}],"version-history":[{"count":2,"href":"https:\/\/light-conference.com\/vi\/wp-json\/wp\/v2\/pages\/42\/revisions"}],"predecessor-version":[{"id":189,"href":"https:\/\/light-conference.com\/vi\/wp-json\/wp\/v2\/pages\/42\/revisions\/189"}],"wp:attachment":[{"href":"https:\/\/light-conference.com\/vi\/wp-json\/wp\/v2\/media?parent=42"}],"curies":[{"name":"wp","href":"https:\/\/api.w.org\/{rel}","templated":true}]}}