{"id":44,"date":"2023-08-08T16:57:06","date_gmt":"2023-08-08T16:57:06","guid":{"rendered":"https:\/\/defiscalisant.com\/?page_id=44"},"modified":"2023-09-19T18:24:33","modified_gmt":"2023-09-19T18:24:33","slug":"o-nas","status":"publish","type":"page","link":"https:\/\/light-conference.com\/vi\/tren-la\/","title":{"rendered":"Ch\u00e0o m\u1eebng b\u1ea1n \u0111\u1ebfn v\u1edbi Th\u1ebf gi\u1edbi Webcam - C\u1ed5ng k\u1ebft n\u1ed1i h\u1ea5p d\u1eabn c\u1ee7a b\u1ea1n!"},"content":{"rendered":"<h1 style=\"text-align: center;\">Ch\u00e0o m\u1eebng b\u1ea1n \u0111\u1ebfn v\u1edbi Th\u1ebf gi\u1edbi Webcam - C\u1ed5ng k\u1ebft n\u1ed1i h\u1ea5p d\u1eabn c\u1ee7a b\u1ea1n!<\/h1>\n<p>\ud83d\ude80 \u0110\u1eafm m\u00ecnh v\u00e0o m\u1ed9t th\u1ebf gi\u1edbi n\u01a1i s\u1ef1 ph\u1ea5n kh\u00edch kh\u00f4ng gi\u1edbi h\u1ea1n! \u0110\u1ed1i v\u1edbi t\u1ea5t c\u1ea3 nh\u1eefng ng\u01b0\u1eddi \u0111am m\u00ea tr\u1ea3i nghi\u1ec7m tr\u00f2 chuy\u1ec7n khi\u00eau d\u00e2m, c\u00e1c cu\u1ed9c tr\u00f2 chuy\u1ec7n h\u1ea5p d\u1eabn d\u1ef1a tr\u00ean s\u1edf th\u00edch v\u00e0 \u0111am m\u00ea nh\u1eefng cu\u1ed9c phi\u00eau l\u01b0u \u1ea3o, b\u1ea1n \u0111\u00e3 t\u00ecnh c\u1edd g\u1eb7p \u0111\u01b0\u1ee3c m\u1ed9t thi\u00ean \u0111\u01b0\u1eddng k\u1ef9 thu\u1eadt s\u1ed1. \u0110\u00e2y l\u00e0 n\u01a1i s\u1ef1 t\u01b0\u01a1ng t\u00e1c v\u01b0\u1ee3t qua ranh gi\u1edbi, di\u1ec5n ra trong th\u1eddi gian th\u1ef1c th\u00f4ng qua webcam.<\/p>\n<p>\ud83c\udf1f <em>\u0110i\u1ec1u g\u00ec l\u00e0m ch\u00fang ta kh\u00e1c bi\u1ec7t?<\/em> T\u1ea1i Webcam World, ch\u00fang t\u00f4i kh\u00f4ng ch\u1ec9 l\u00e0 m\u1ed9t th\u01b0 m\u1ee5c; ch\u00fang t\u00f4i l\u00e0 m\u1ed9t tr\u1ea3i nghi\u1ec7m H\u00e3y t\u01b0\u1edfng t\u01b0\u1ee3ng m\u1ed9t v\u0169 tr\u1ee5 n\u01a1i nh\u1eefng ham mu\u1ed1n c\u1ee7a b\u1ea1n tr\u1edf n\u00ean s\u1ed1ng \u0111\u1ed9ng, n\u01a1i b\u1ea1n c\u00f3 th\u1ec3 kh\u00e1m ph\u00e1 nh\u1eefng kh\u00eda c\u1ea1nh m\u1edbi c\u1ee7a s\u1ef1 th\u00e2n m\u1eadt v\u00e0 t\u00ecnh b\u1ea1n. Ch\u00fang t\u00f4i kh\u00f4ng ch\u1ec9 n\u00f3i v\u1ec1 nh\u1eefng cu\u1ed9c g\u1eb7p g\u1ee1 qua webcam; ch\u00fang t\u00f4i \u0111ang th\u00fac \u0111\u1ea9y nh\u1eefng k\u1ebft n\u1ed1i kh\u01a1i d\u1eady t\u00e2m h\u1ed3n b\u1ea1n.<\/p>\n<p>&nbsp;<\/p>\n<p>\ud83d\udcac T\u1ea5m th\u1ea3m h\u1ed9i tho\u1ea1i: Cho d\u00f9 b\u1ea1n \u0111ang t\u00ecm ki\u1ebfm m\u1ed9t cu\u1ed9c trao \u0111\u1ed5i tr\u00ed tu\u1ec7 hay m\u1ed9t cu\u1ed9c g\u1eb7p g\u1ee1 vui v\u1ebb, c\u00e1c ph\u00f2ng tr\u00f2 chuy\u1ec7n \u0111a d\u1ea1ng c\u1ee7a ch\u00fang t\u00f4i s\u1ebd \u0111\u00e1p \u1ee9ng nhi\u1ec1u s\u1edf th\u00edch kh\u00e1c nhau. Tham gia v\u00e0o c\u00e1c cu\u1ed9c \u0111\u1ed1i tho\u1ea1i k\u00edch th\u00edch t\u00e2m tr\u00ed v\u00e0 n\u00e2ng cao tinh th\u1ea7n c\u1ee7a b\u1ea1n.<\/p>\n<p>\ud83d\udcda Blog, Tin t\u1ee9c v\u00e0 h\u01a1n th\u1ebf n\u1eefa! \u0110i s\u00e2u v\u00e0o kho t\u00e0ng blog bao g\u1ed3m nhi\u1ec1u ch\u1ee7 \u0111\u1ec1 kh\u00e1c nhau \u2013 t\u1eeb tr\u1ea3i nghi\u1ec7m trong ph\u00f2ng tr\u00f2 chuy\u1ec7n \u0111\u1ebfn c\u00e1c k\u1ef9 thu\u1eadt h\u1eb9n h\u00f2 s\u00e1ng t\u1ea1o. Lu\u00f4n c\u1eadp nh\u1eadt nh\u1eefng tin t\u1ee9c m\u1edbi nh\u1ea5t v\u00e0 \u0111\u1eafm m\u00ecnh trong nh\u1eefng b\u00e0i vi\u1ebft k\u00edch th\u00edch t\u01b0 duy v\u1ec1 c\u00e1c th\u1ec3 lo\u1ea1i tr\u00f2 chuy\u1ec7n kh\u00e1c nhau. Ch\u00fang t\u00f4i kh\u00f4ng ch\u1ec9 l\u00e0 m\u1ed9t n\u1ec1n t\u1ea3ng; ch\u00fang t\u00f4i l\u00e0 m\u1ed9t trung t\u00e2m ki\u1ebfn th\u1ee9c.<\/p>\n<p>&nbsp;<\/p>\n<p>\ud83d\udd12 Quy\u1ec1n ri\u00eang t\u01b0 c\u1ee7a b\u1ea1n, \u01afu ti\u00ean c\u1ee7a ch\u00fang t\u00f4i: H\u00e3y y\u00ean t\u00e2m, quy\u1ec1n ri\u00eang t\u01b0 v\u00e0 b\u1ea3o m\u1eadt c\u1ee7a b\u1ea1n l\u00e0 \u0111i\u1ec1u t\u1ed1i quan tr\u1ecdng. Webcam World \u0111\u1ea3m b\u1ea3o m\u1ed9t m\u00f4i tr\u01b0\u1eddng an to\u00e0n v\u00e0 k\u00edn \u0111\u00e1o cho chuy\u1ebfn kh\u00e1m ph\u00e1 c\u1ee7a b\u1ea1n, \u0111\u1ec3 b\u1ea1n c\u00f3 th\u1ec3 th\u01b0 gi\u00e3n v\u00e0 l\u00e0 ch\u00ednh m\u00ecnh.<\/p>\n<p>\ud83c\udf08 Tham gia C\u1ed9ng \u0111\u1ed3ng s\u00f4i \u0111\u1ed9ng c\u1ee7a ch\u00fang t\u00f4i: Tr\u1edf th\u00e0nh m\u1ed9t ph\u1ea7n c\u1ee7a c\u1ed9ng \u0111\u1ed3ng s\u00f4i \u0111\u1ed9ng c\u1ee7a ch\u00fang t\u00f4i v\u00e0 t\u1eadn h\u01b0\u1edfng v\u1ebb \u0111\u1eb9p c\u1ee7a nh\u1eefng k\u1ebft n\u1ed1i ch\u00e2n ch\u00ednh. Kh\u00e1m ph\u00e1, t\u01b0\u01a1ng t\u00e1c v\u00e0 \u0111\u1ec3 s\u1ef1 k\u1ef3 di\u1ec7u c\u1ee7a t\u01b0\u01a1ng t\u00e1c qua webcam tr\u1ef1c ti\u1ebfp t\u1ea1o ra nh\u1eefng k\u1ef7 ni\u1ec7m t\u1ed3n t\u1ea1i su\u1ed1t \u0111\u1eddi.<\/p>\n<p>&nbsp;<\/p>\n<p>\ud83c\udf89 <strong>Webcam World m\u1eddi b\u1ea1n tham gia m\u1ed9t h\u00e0nh tr\u00ecnh \u0111\u1ea7y m\u00ea ho\u1eb7c, n\u01a1i m\u1ed7i c\u00fa nh\u1ea5p chu\u1ed9t s\u1ebd m\u1edf ra c\u00e1nh c\u1eeda d\u1eabn \u0111\u1ebfn nh\u1eefng tr\u1ea3i nghi\u1ec7m m\u1edbi v\u00e0 nh\u1eefng k\u1ebft n\u1ed1i th\u00fa v\u1ecb. B\u01b0\u1edbc v\u00e0o v\u00e0 \u0111\u1ec3 cu\u1ed9c phi\u00eau l\u01b0u b\u1eaft \u0111\u1ea7u! \ud83c\udf89<\/strong><\/p>","protected":false},"excerpt":{"rendered":"<p>Welcome to Webcam World \u2013 Your Gateway to Captivating Connections! \ud83d\ude80 Dive into a realm where excitement knows no bounds! For all the enthusiasts of erotic chat experiences, engaging conversations based on interests, and indulging in virtual adventures, you&#8217;ve stumbled upon a digital paradise. This is where interaction transcends boundaries, happening in real-time through webcams. [&hellip;]<\/p>","protected":false},"author":1,"featured_media":0,"parent":0,"menu_order":0,"comment_status":"closed","ping_status":"closed","template":"","meta":{"footnotes":""},"class_list":["post-44","page","type-page","status-publish","hentry"],"yoast_head":"<!-- This site is optimized with the Yoast SEO plugin v20.13 - https:\/\/yoast.com\/wordpress\/plugins\/seo\/ -->\n<title>Welcome to Webcam World \u2013 Your Gateway to Captivating Connections! -<\/title>\n<meta name=\"robots\" content=\"index, follow, max-snippet:-1, max-image-preview:large, max-video-preview:-1\" \/>\n<link rel=\"canonical\" href=\"https:\/\/light-conference.com\/vi\/tren-la\/\" \/>\n<meta property=\"og:locale\" content=\"vi_VN\" \/>\n<meta property=\"og:type\" content=\"article\" \/>\n<meta property=\"og:title\" content=\"Welcome to Webcam World \u2013 Your Gateway to Captivating Connections! -\" \/>\n<meta property=\"og:description\" content=\"Welcome to Webcam World \u2013 Your Gateway to Captivating Connections! \ud83d\ude80 Dive into a realm where excitement knows no bounds! For all the enthusiasts of erotic chat experiences, engaging conversations based on interests, and indulging in virtual adventures, you&#8217;ve stumbled upon a digital paradise. This is where interaction transcends boundaries, happening in real-time through webcams. [&hellip;]\" \/>\n<meta property=\"og:url\" content=\"https:\/\/light-conference.com\/vi\/tren-la\/\" \/>\n<meta property=\"article:modified_time\" content=\"2023-09-19T18:24:33+00:00\" \/>\n<meta name=\"twitter:card\" content=\"summary_large_image\" \/>\n<meta name=\"twitter:label1\" content=\"\u01af\u1edbc t\u00ednh th\u1eddi gian \u0111\u1ecdc\" \/>\n\t<meta name=\"twitter:data1\" content=\"2 ph\u00fat\" \/>\n<script type=\"application\/ld+json\" class=\"yoast-schema-graph\">{\"@context\":\"https:\/\/schema.org\",\"@graph\":[{\"@type\":\"WebPage\",\"@id\":\"https:\/\/light-conference.com\/o-nas\/\",\"url\":\"https:\/\/light-conference.com\/o-nas\/\",\"name\":\"Welcome to Webcam World \u2013 Your Gateway to Captivating Connections! -\",\"isPartOf\":{\"@id\":\"https:\/\/light-conference.com\/#website\"},\"datePublished\":\"2023-08-08T16:57:06+00:00\",\"dateModified\":\"2023-09-19T18:24:33+00:00\",\"breadcrumb\":{\"@id\":\"https:\/\/light-conference.com\/o-nas\/#breadcrumb\"},\"inLanguage\":\"vi\",\"potentialAction\":[{\"@type\":\"ReadAction\",\"target\":[\"https:\/\/light-conference.com\/o-nas\/\"]}]},{\"@type\":\"BreadcrumbList\",\"@id\":\"https:\/\/light-conference.com\/o-nas\/#breadcrumb\",\"itemListElement\":[{\"@type\":\"ListItem\",\"position\":1,\"name\":\"\u0413\u043b\u0430\u0432\u043d\u0430\u044f \u0441\u0442\u0440\u0430\u043d\u0438\u0446\u0430\",\"item\":\"https:\/\/light-conference.com\/\"},{\"@type\":\"ListItem\",\"position\":2,\"name\":\"Welcome to Webcam World \u2013 Your Gateway to Captivating Connections!\"}]},{\"@type\":\"WebSite\",\"@id\":\"https:\/\/light-conference.com\/#website\",\"url\":\"https:\/\/light-conference.com\/\",\"name\":\"\",\"description\":\"Blog for adults about online dating for sex: streaming sites and obscene broadcasts 18+\",\"potentialAction\":[{\"@type\":\"SearchAction\",\"target\":{\"@type\":\"EntryPoint\",\"urlTemplate\":\"https:\/\/light-conference.com\/?s={search_term_string}\"},\"query-input\":\"required name=search_term_string\"}],\"inLanguage\":\"vi\"}]}<\/script>\n<!-- \/ Yoast SEO plugin. -->","yoast_head_json":{"title":"Welcome to Webcam World \u2013 Your Gateway to Captivating Connections! -","robots":{"index":"index","follow":"follow","max-snippet":"max-snippet:-1","max-image-preview":"max-image-preview:large","max-video-preview":"max-video-preview:-1"},"canonical":"https:\/\/light-conference.com\/vi\/tren-la\/","og_locale":"vi_VN","og_type":"article","og_title":"Welcome to Webcam World \u2013 Your Gateway to Captivating Connections! -","og_description":"Welcome to Webcam World \u2013 Your Gateway to Captivating Connections! \ud83d\ude80 Dive into a realm where excitement knows no bounds! For all the enthusiasts of erotic chat experiences, engaging conversations based on interests, and indulging in virtual adventures, you&#8217;ve stumbled upon a digital paradise. This is where interaction transcends boundaries, happening in real-time through webcams. [&hellip;]","og_url":"https:\/\/light-conference.com\/vi\/tren-la\/","article_modified_time":"2023-09-19T18:24:33+00:00","twitter_card":"summary_large_image","twitter_misc":{"\u01af\u1edbc t\u00ednh th\u1eddi gian \u0111\u1ecdc":"2 ph\u00fat"},"schema":{"@context":"https:\/\/schema.org","@graph":[{"@type":"WebPage","@id":"https:\/\/light-conference.com\/o-nas\/","url":"https:\/\/light-conference.com\/o-nas\/","name":"Welcome to Webcam World \u2013 Your Gateway to Captivating Connections! -","isPartOf":{"@id":"https:\/\/light-conference.com\/#website"},"datePublished":"2023-08-08T16:57:06+00:00","dateModified":"2023-09-19T18:24:33+00:00","breadcrumb":{"@id":"https:\/\/light-conference.com\/o-nas\/#breadcrumb"},"inLanguage":"vi","potentialAction":[{"@type":"ReadAction","target":["https:\/\/light-conference.com\/o-nas\/"]}]},{"@type":"BreadcrumbList","@id":"https:\/\/light-conference.com\/o-nas\/#breadcrumb","itemListElement":[{"@type":"ListItem","position":1,"name":"\u0413\u043b\u0430\u0432\u043d\u0430\u044f \u0441\u0442\u0440\u0430\u043d\u0438\u0446\u0430","item":"https:\/\/light-conference.com\/"},{"@type":"ListItem","position":2,"name":"Welcome to Webcam World \u2013 Your Gateway to Captivating Connections!"}]},{"@type":"WebSite","@id":"https:\/\/light-conference.com\/#website","url":"https:\/\/light-conference.com\/","name":"","description":"Blog for adults about online dating for sex: streaming sites and obscene broadcasts 18+","potentialAction":[{"@type":"SearchAction","target":{"@type":"EntryPoint","urlTemplate":"https:\/\/light-conference.com\/?s={search_term_string}"},"query-input":"required name=search_term_string"}],"inLanguage":"vi"}]}},"_links":{"self":[{"href":"https:\/\/light-conference.com\/vi\/wp-json\/wp\/v2\/pages\/44","targetHints":{"allow":["GET"]}}],"collection":[{"href":"https:\/\/light-conference.com\/vi\/wp-json\/wp\/v2\/pages"}],"about":[{"href":"https:\/\/light-conference.com\/vi\/wp-json\/wp\/v2\/types\/page"}],"author":[{"embeddable":true,"href":"https:\/\/light-conference.com\/vi\/wp-json\/wp\/v2\/users\/1"}],"replies":[{"embeddable":true,"href":"https:\/\/light-conference.com\/vi\/wp-json\/wp\/v2\/comments?post=44"}],"version-history":[{"count":2,"href":"https:\/\/light-conference.com\/vi\/wp-json\/wp\/v2\/pages\/44\/revisions"}],"predecessor-version":[{"id":215,"href":"https:\/\/light-conference.com\/vi\/wp-json\/wp\/v2\/pages\/44\/revisions\/215"}],"wp:attachment":[{"href":"https:\/\/light-conference.com\/vi\/wp-json\/wp\/v2\/media?parent=44"}],"curies":[{"name":"wp","href":"https:\/\/api.w.org\/{rel}","templated":true}]}}